{"id":8370,"date":"2023-09-29T08:27:56","date_gmt":"2023-09-29T06:27:56","guid":{"rendered":"https:\/\/aviatie-mircea-cantacuzino.ro\/?page_id=8370"},"modified":"2023-09-29T08:32:30","modified_gmt":"2023-09-29T06:32:30","slug":"irina-burnaia","status":"publish","type":"page","link":"https:\/\/aviation.inovace.in\/en\/irina-burnaia\/","title":{"rendered":"Irina Burnaia"},"content":{"rendered":"<div data-elementor-type=\"wp-page\" data-elementor-id=\"8370\" class=\"elementor elementor-8370\" data-elementor-post-type=\"page\">\n\t\t\t\t\t\t<section class=\"elementor-section elementor-top-section elementor-element elementor-element-cddde21 elementor-section-boxed elementor-section-height-default elementor-section-height-default wpr-particle-no wpr-jarallax-no wpr-parallax-no wpr-sticky-section-no\" data-id=\"cddde21\" data-element_type=\"section\" data-e-type=\"section\">\n\t\t\t\t\t\t<div class=\"elementor-container elementor-column-gap-default\">\n\t\t\t\t\t<div class=\"elementor-column elementor-col-100 elementor-top-column elementor-element elementor-element-32b9c5e\" data-id=\"32b9c5e\" data-element_type=\"column\" data-e-type=\"column\">\n\t\t\t<div class=\"elementor-widget-wrap elementor-element-populated\">\n\t\t\t\t\t\t<div class=\"elementor-element elementor-element-98285e7 elementor-widget elementor-widget-text-editor\" data-id=\"98285e7\" data-element_type=\"widget\" data-e-type=\"widget\" data-widget_type=\"text-editor.default\">\n\t\t\t\t<div class=\"elementor-widget-container\">\n\t\t\t\t\t\t\t\t\t<p><span style=\"letter-spacing: normal; caret-color: #666666; color: #666666;\">In 1933, she obtained her first and second degree flight certificates at the Mircea Cantacuzino Piloting School, where she had Petre Ivanovici as her instructor - she was the fourth certified aviator in Romania.<\/span><br style=\"letter-spacing: normal; caret-color: #666666; color: #666666;\" \/><span style=\"letter-spacing: normal; caret-color: #666666; color: #666666;\">She is the first woman from the country to fly across the Carpathians.<\/span><br style=\"letter-spacing: normal; caret-color: #666666; color: #666666;\" \/><span style=\"letter-spacing: normal; caret-color: #666666; color: #666666;\">In 1935, together with Petre Ivanovici, he plans a raid over Africa, on the route Bucharest - Cape Town. But, after successive failures, each soldier with one stop, ends, after 16,000 km, the raid at Entebbe, on the shores of Lake Victoria.<\/span><br style=\"letter-spacing: normal; caret-color: #666666; color: #666666;\" \/><span style=\"letter-spacing: normal; caret-color: #666666; color: #666666;\">In 1937, she obtained her acrobat pilot's license and was decorated with the \"Aeronautical Virtue\" order of peace. In 1938 he took part in a raid on the route Bucharest - Ankara - Baghdad - Bucharest, and in 1939 in the Bucharest - Warsaw - Berlin - Amsterdam - London raid.<\/span><br style=\"letter-spacing: normal; caret-color: #666666; color: #666666;\" \/><span style=\"letter-spacing: normal; caret-color: #666666; color: #666666;\">During the Second World War he is in charge of establishing the Bug Squadron and a postal service in Tiraspol. After the invasion of Transnistria by the Soviets, he returned to the country and settled in S\u0103v\u00e2rsin.<\/span><br style=\"letter-spacing: normal; caret-color: #666666; color: #666666;\" \/><span style=\"letter-spacing: normal; caret-color: #666666; color: #666666;\">She left the country in 1948 and in 1950 she was tried and sentenced in absentia, at the time when she was already in Geneva, Switzerland, by\u00a0<\/span><span style=\"letter-spacing: normal; caret-color: #666666; color: #666666;\">where he moves to Beirut, Lebanon. He dies in 19<\/span><span style=\"letter-spacing: normal; caret-color: #666666; color: #666666;\">97.<\/span><\/p>\t\t\t\t\t\t\t\t<\/div>\n\t\t\t\t<\/div>\n\t\t\t\t\t<\/div>\n\t\t<\/div>\n\t\t\t\t\t<\/div>\n\t\t<\/section>\n\t\t\t\t<\/div>","protected":false},"excerpt":{"rendered":"<p>Ob\u021bine, \u00een 1933, brevetele de zbor gradul I \u015fi II la \u0218coala de pilotaj Mircea Cantacuzino, unde \u00eel are instructor pe Petre Ivanovici \u2013 este a patra aviatoare brevetat\u0103 din Rom\u00e2nia.Este prima femeie din \u0163ar\u0103 ce traverseaz\u0103 Carpa\u0163ii \u00een zbor.\u00cen 1935, planific\u0103, \u00eempreun\u0103 cu Petre Ivanovici, un raid deasupra Africii, pe ruta Bucure\u015fti &#8211; Cape Town. Dar, dup\u0103 defec\u021biuni succesive, fiecare soldat\u0103 cu c\u00e2te o oprire, \u00eencheie, dup\u0103 16.000 km, raidul la Entebbe, pe malul lacului Victoria.Ob\u0163ine, \u00een 1937, brevetul de pilot acrobat \u0219i este decorat\u0103 cu ordinul \u201cVirtutea Aeronautic\u0103\u201d de pace. \u00cen 1938 ia parte la un raid, pe traseul Bucure\u015fti \u2013 Ankara \u2013 Bagdad \u2013 Bucure\u015fti, iar \u00een 1939 la raidul Bucure\u015fti \u2013 Var\u015fovia \u2013 Berlin \u2013 Amsterdam \u2013 Londra.\u00cen timpul celui de-al Doilea R\u0103zboi Mondial se ocup\u0103 de \u00eenfiin\u021barea Escadrilei Bugului \u0219i a unui serviciu de po\u0219t\u0103 la Tiraspol. Dup\u0103 invadarea Transnistriei de c\u0103tre sovietici, revine \u00een \u021bar\u0103 \u0219i se stabile\u0219te la S\u0103v\u00e2r\u0219in.P\u0103r\u0103se\u0219te \u021bara \u00een 1948 iar \u00een 1950 este judecat\u0103 \u0219i condamnat\u0103 \u00een contumacie, la vremea c\u00e2nd se afla deja la Geneva, \u00een Elve\u021bia, de\u00a0unde se mut\u0103 la Beirut, \u00een Liban. Se stinge din via\u021b\u0103 \u00een 1997.<\/p>","protected":false},"author":5,"featured_media":0,"parent":0,"menu_order":0,"comment_status":"closed","ping_status":"closed","template":"","meta":{"_themeisle_gutenberg_block_has_review":false,"footnotes":""},"class_list":["post-8370","page","type-page","status-publish","hentry"],"_links":{"self":[{"href":"https:\/\/aviation.inovace.in\/en\/wp-json\/wp\/v2\/pages\/8370","targetHints":{"allow":["GET"]}}],"collection":[{"href":"https:\/\/aviation.inovace.in\/en\/wp-json\/wp\/v2\/pages"}],"about":[{"href":"https:\/\/aviation.inovace.in\/en\/wp-json\/wp\/v2\/types\/page"}],"author":[{"embeddable":true,"href":"https:\/\/aviation.inovace.in\/en\/wp-json\/wp\/v2\/users\/5"}],"replies":[{"embeddable":true,"href":"https:\/\/aviation.inovace.in\/en\/wp-json\/wp\/v2\/comments?post=8370"}],"version-history":[{"count":0,"href":"https:\/\/aviation.inovace.in\/en\/wp-json\/wp\/v2\/pages\/8370\/revisions"}],"wp:attachment":[{"href":"https:\/\/aviation.inovace.in\/en\/wp-json\/wp\/v2\/media?parent=8370"}],"curies":[{"name":"wp","href":"https:\/\/api.w.org\/{rel}","templated":true}]}}