{"id":7994,"date":"2023-09-20T16:14:03","date_gmt":"2023-09-20T14:14:03","guid":{"rendered":"https:\/\/aviatie-mircea-cantacuzino.ro\/?page_id=7994"},"modified":"2026-04-16T12:49:28","modified_gmt":"2026-04-16T10:49:28","slug":"ionel-ghica","status":"publish","type":"page","link":"https:\/\/aviation.inovace.in\/en\/ionel-ghica\/","title":{"rendered":"Ionel Ghica"},"content":{"rendered":"<div data-elementor-type=\"wp-page\" data-elementor-id=\"7994\" class=\"elementor elementor-7994\" data-elementor-post-type=\"page\">\n\t\t\t\t\t\t<section class=\"elementor-section elementor-top-section elementor-element elementor-element-41b2a41 elementor-section-boxed elementor-section-height-default elementor-section-height-default wpr-particle-no wpr-jarallax-no wpr-parallax-no wpr-sticky-section-no\" data-id=\"41b2a41\" data-element_type=\"section\" data-e-type=\"section\" data-settings=\"{&quot;background_background&quot;:&quot;classic&quot;}\">\n\t\t\t\t\t\t<div class=\"elementor-container elementor-column-gap-default\">\n\t\t\t\t\t<div class=\"elementor-column elementor-col-100 elementor-top-column elementor-element elementor-element-472f5a8\" data-id=\"472f5a8\" data-element_type=\"column\" data-e-type=\"column\">\n\t\t\t<div class=\"elementor-widget-wrap elementor-element-populated\">\n\t\t\t\t\t\t<div class=\"elementor-element elementor-element-a7620bd elementor-widget elementor-widget-heading\" data-id=\"a7620bd\" data-element_type=\"widget\" data-e-type=\"widget\" data-widget_type=\"heading.default\">\n\t\t\t\t<div class=\"elementor-widget-container\">\n\t\t\t\t\t<h2 class=\"elementor-heading-title elementor-size-default\">Ionel Ghica (1904-1932)<\/h2>\t\t\t\t<\/div>\n\t\t\t\t<\/div>\n\t\t\t\t\t<\/div>\n\t\t<\/div>\n\t\t\t\t\t<\/div>\n\t\t<\/section>\n\t\t\t\t<section class=\"elementor-section elementor-top-section elementor-element elementor-element-c942522 elementor-section-boxed elementor-section-height-default elementor-section-height-default wpr-particle-no wpr-jarallax-no wpr-parallax-no wpr-sticky-section-no\" data-id=\"c942522\" data-element_type=\"section\" data-e-type=\"section\">\n\t\t\t\t\t\t<div class=\"elementor-container elementor-column-gap-default\">\n\t\t\t\t\t<div class=\"elementor-column elementor-col-50 elementor-top-column elementor-element elementor-element-6e9095b\" data-id=\"6e9095b\" data-element_type=\"column\" data-e-type=\"column\">\n\t\t\t<div class=\"elementor-widget-wrap elementor-element-populated\">\n\t\t\t\t\t\t<div class=\"elementor-element elementor-element-ed3551c elementor-widget elementor-widget-text-editor\" data-id=\"ed3551c\" data-element_type=\"widget\" data-e-type=\"widget\" data-widget_type=\"text-editor.default\">\n\t\t\t\t<div class=\"elementor-widget-container\">\n\t\t\t\t\t\t\t\t\t<div><div><div>A\u0219a cum se scria \u00een revista <em>Aripi<\/em> (anul II, nr. 26, 15 martie 1932), Ionel Ghica f\u0103cea parte din cercul t\u00e2n\u0103r \u0219i entuziast de amatori aduna\u021bi \u00een jurul lui Mircea Cantacuzino, fiind considerat unul dintre cei care practicau turismul aerian \u201e\u00een adev\u0103rata accep\u021bie a cuv\u00e2ntului\u201d.<\/div><div>\u00a0<\/div><div>De\u0219i nu a urmat cursurile \u0218colii de Avia\u021bie \u201eMircea Cantacuzino\u201d, Ionel Ghica a \u00eemp\u0103rt\u0103\u0219it pe deplin viziunea acesteia \u0219i a devenit membru fondator al Asocia\u021biei pentru Prop\u0103\u0219irea Turismului Aerian. Activitatea sa aviatic\u0103 este marcat\u0103 de performan\u021be remarcabile, printre care recordul na\u021bional de distan\u021b\u0103 f\u0103r\u0103 escal\u0103 (1.900 km) \u0219i recordul na\u021bional de vitez\u0103 pe distan\u021ba de 2.000 km.<\/div><div>\u00a0<\/div><div>Particip\u0103 la zboruri de referin\u021b\u0103 ale epocii, inclusiv raidul Bucure\u0219ti \u2013 Var\u0219ovia \u2013 Bucure\u0219ti, parcurs \u00een 11 ore \u0219i 57 de minute, al\u0103turi de echipajul lui Octav Oculeanu. \u00cen 11 septembrie 1931, realizeaz\u0103 un zbor solo pe ruta Bucure\u0219ti \u2013 Cern\u0103u\u021bi \u2013 Bucure\u0219ti, iar ulterior efectueaz\u0103 primul raid rom\u00e2nesc deasupra Africii, pe traseul Bucure\u0219ti \u2013 Istanbul \u2013 Konia \u2013 Alep \u2013 Damasc \u2013 Gaza \u2013 Cairo \u2013 Asuan \u2013 Oadihalfa \u2013 Adbara.<\/div><div>\u00a0<\/div><div>Ionel Ghica devine cu adev\u0103rat celebru odat\u0103 cu zborul Bucure\u0219ti \u2013 Saigon, un parcurs de aproximativ 25.000 km, unul dintre marile recorduri ale epocii, care \u00eel consacr\u0103 drept primul aviator rom\u00e2n ce traverseaz\u0103 Asia.<\/div><div>\u00a0<\/div><div>Via\u021ba sa se \u00eencheie tragic, \u00een plin\u0103 glorie, \u00een urma unei grave intoxica\u021bii. \u00cen memoria sa, familia Ghica instituie, \u00eencep\u00e2nd din ianuarie 1933, o cup\u0103 anual\u0103 de avia\u021bie, const\u00e2nd \u00eentr-un concurs de vitez\u0103 pe un traseu intern de 1.500 km.<\/div><\/div><\/div>\t\t\t\t\t\t\t\t<\/div>\n\t\t\t\t<\/div>\n\t\t\t\t<div class=\"elementor-element elementor-element-75aad24 elementor-widget elementor-widget-button\" data-id=\"75aad24\" data-element_type=\"widget\" data-e-type=\"widget\" data-widget_type=\"button.default\">\n\t\t\t\t<div class=\"elementor-widget-container\">\n\t\t\t\t\t\t\t\t\t<div class=\"elementor-button-wrapper\">\n\t\t\t\t\t<a class=\"elementor-button elementor-button-link elementor-size-sm\" href=\"#\">\n\t\t\t\t\t\t<span class=\"elementor-button-content-wrapper\">\n\t\t\t\t\t\t\t\t\t<span class=\"elementor-button-text\">Afl\u0103 mai multe despre recordurile atinse de elevii \u0219colii<\/span>\n\t\t\t\t\t<\/span>\n\t\t\t\t\t<\/a>\n\t\t\t\t<\/div>\n\t\t\t\t\t\t\t\t<\/div>\n\t\t\t\t<\/div>\n\t\t\t\t\t<\/div>\n\t\t<\/div>\n\t\t\t\t<div class=\"elementor-column elementor-col-50 elementor-top-column elementor-element elementor-element-19e90c0\" data-id=\"19e90c0\" data-element_type=\"column\" data-e-type=\"column\">\n\t\t\t<div class=\"elementor-widget-wrap elementor-element-populated\">\n\t\t\t\t\t\t<div class=\"elementor-element elementor-element-f5c66d9 elementor-widget elementor-widget-image\" data-id=\"f5c66d9\" data-element_type=\"widget\" data-e-type=\"widget\" data-widget_type=\"image.default\">\n\t\t\t\t<div class=\"elementor-widget-container\">\n\t\t\t\t\t\t\t\t\t\t\t\t\t\t\t<img fetchpriority=\"high\" decoding=\"async\" width=\"579\" height=\"858\" src=\"https:\/\/aviation.inovace.in\/wp-content\/uploads\/2026\/04\/image-4.png\" class=\"attachment-large size-large wp-image-10246\" alt=\"\" srcset=\"https:\/\/aviation.inovace.in\/wp-content\/uploads\/2026\/04\/image-4.png 579w, https:\/\/aviation.inovace.in\/wp-content\/uploads\/2026\/04\/image-4-202x300.png 202w, https:\/\/aviation.inovace.in\/wp-content\/uploads\/2026\/04\/image-4-8x12.png 8w\" sizes=\"(max-width: 579px) 100vw, 579px\" \/>\t\t\t\t\t\t\t\t\t\t\t\t\t\t\t<\/div>\n\t\t\t\t<\/div>\n\t\t\t\t\t<\/div>\n\t\t<\/div>\n\t\t\t\t\t<\/div>\n\t\t<\/section>\n\t\t\t\t<section class=\"elementor-section elementor-top-section elementor-element elementor-element-220fd1a elementor-section-boxed elementor-section-height-default elementor-section-height-default wpr-particle-no wpr-jarallax-no wpr-parallax-no wpr-sticky-section-no\" data-id=\"220fd1a\" data-element_type=\"section\" data-e-type=\"section\">\n\t\t\t\t\t\t<div class=\"elementor-container elementor-column-gap-default\">\n\t\t\t\t\t<div class=\"elementor-column elementor-col-100 elementor-top-column elementor-element elementor-element-0d7dd60\" data-id=\"0d7dd60\" data-element_type=\"column\" data-e-type=\"column\">\n\t\t\t<div class=\"elementor-widget-wrap elementor-element-populated\">\n\t\t\t\t\t\t<div class=\"elementor-element elementor-element-8c26738 elementor-widget elementor-widget-heading\" data-id=\"8c26738\" data-element_type=\"widget\" data-e-type=\"widget\" data-widget_type=\"heading.default\">\n\t\t\t\t<div class=\"elementor-widget-container\">\n\t\t\t\t\t<h2 class=\"elementor-heading-title elementor-size-default\">Galerie foto &amp; Arhiv\u0103<\/h2>\t\t\t\t<\/div>\n\t\t\t\t<\/div>\n\t\t\t\t<div class=\"elementor-element elementor-element-73418a3 elementor-widget__width-initial elementor-widget elementor-widget-image\" data-id=\"73418a3\" data-element_type=\"widget\" data-e-type=\"widget\" data-widget_type=\"image.default\">\n\t\t\t\t<div class=\"elementor-widget-container\">\n\t\t\t\t\t\t\t\t\t\t\t\t\t\t\t<img decoding=\"async\" width=\"300\" height=\"180\" src=\"https:\/\/aviation.inovace.in\/wp-content\/uploads\/2026\/04\/Ionel-Ghica-la-intoarcerea-din-Saigon-Bucuresti-1-300x180.jpg\" class=\"attachment-medium size-medium wp-image-10095\" alt=\"\" srcset=\"https:\/\/aviation.inovace.in\/wp-content\/uploads\/2026\/04\/Ionel-Ghica-la-intoarcerea-din-Saigon-Bucuresti-1-300x180.jpg 300w, https:\/\/aviation.inovace.in\/wp-content\/uploads\/2026\/04\/Ionel-Ghica-la-intoarcerea-din-Saigon-Bucuresti-1-1024x615.jpg 1024w, https:\/\/aviation.inovace.in\/wp-content\/uploads\/2026\/04\/Ionel-Ghica-la-intoarcerea-din-Saigon-Bucuresti-1-768x461.jpg 768w, https:\/\/aviation.inovace.in\/wp-content\/uploads\/2026\/04\/Ionel-Ghica-la-intoarcerea-din-Saigon-Bucuresti-1-1536x922.jpg 1536w, https:\/\/aviation.inovace.in\/wp-content\/uploads\/2026\/04\/Ionel-Ghica-la-intoarcerea-din-Saigon-Bucuresti-1-2048x1230.jpg 2048w, https:\/\/aviation.inovace.in\/wp-content\/uploads\/2026\/04\/Ionel-Ghica-la-intoarcerea-din-Saigon-Bucuresti-1-18x12.jpg 18w\" sizes=\"(max-width: 300px) 100vw, 300px\" \/>\t\t\t\t\t\t\t\t\t\t\t\t\t\t\t<\/div>\n\t\t\t\t<\/div>\n\t\t\t\t<div class=\"elementor-element elementor-element-12581fd elementor-widget__width-initial elementor-widget elementor-widget-image\" data-id=\"12581fd\" data-element_type=\"widget\" data-e-type=\"widget\" data-widget_type=\"image.default\">\n\t\t\t\t<div class=\"elementor-widget-container\">\n\t\t\t\t\t\t\t\t\t\t\t\t\t\t\t<img decoding=\"async\" width=\"300\" height=\"200\" src=\"https:\/\/aviation.inovace.in\/wp-content\/uploads\/2026\/04\/Ionel-Ghica-alaturi-de-Mihai-I-intoarcerea-din-Saigon-1-300x200.jpg\" class=\"attachment-medium size-medium wp-image-10094\" alt=\"\" srcset=\"https:\/\/aviation.inovace.in\/wp-content\/uploads\/2026\/04\/Ionel-Ghica-alaturi-de-Mihai-I-intoarcerea-din-Saigon-1-300x200.jpg 300w, https:\/\/aviation.inovace.in\/wp-content\/uploads\/2026\/04\/Ionel-Ghica-alaturi-de-Mihai-I-intoarcerea-din-Saigon-1-1024x684.jpg 1024w, https:\/\/aviation.inovace.in\/wp-content\/uploads\/2026\/04\/Ionel-Ghica-alaturi-de-Mihai-I-intoarcerea-din-Saigon-1-768x513.jpg 768w, https:\/\/aviation.inovace.in\/wp-content\/uploads\/2026\/04\/Ionel-Ghica-alaturi-de-Mihai-I-intoarcerea-din-Saigon-1-1536x1026.jpg 1536w, https:\/\/aviation.inovace.in\/wp-content\/uploads\/2026\/04\/Ionel-Ghica-alaturi-de-Mihai-I-intoarcerea-din-Saigon-1-2048x1368.jpg 2048w, https:\/\/aviation.inovace.in\/wp-content\/uploads\/2026\/04\/Ionel-Ghica-alaturi-de-Mihai-I-intoarcerea-din-Saigon-1-18x12.jpg 18w\" sizes=\"(max-width: 300px) 100vw, 300px\" \/>\t\t\t\t\t\t\t\t\t\t\t\t\t\t\t<\/div>\n\t\t\t\t<\/div>\n\t\t\t\t<div class=\"elementor-element elementor-element-7d6330c elementor-widget__width-initial elementor-widget elementor-widget-image\" data-id=\"7d6330c\" data-element_type=\"widget\" data-e-type=\"widget\" data-widget_type=\"image.default\">\n\t\t\t\t<div class=\"elementor-widget-container\">\n\t\t\t\t\t\t\t\t\t\t\t\t\t\t\t<img loading=\"lazy\" decoding=\"async\" width=\"190\" height=\"300\" src=\"https:\/\/aviation.inovace.in\/wp-content\/uploads\/2026\/04\/PTDC0040-1-190x300.jpg\" class=\"attachment-medium size-medium wp-image-10090\" alt=\"\" srcset=\"https:\/\/aviation.inovace.in\/wp-content\/uploads\/2026\/04\/PTDC0040-1-190x300.jpg 190w, https:\/\/aviation.inovace.in\/wp-content\/uploads\/2026\/04\/PTDC0040-1-650x1024.jpg 650w, https:\/\/aviation.inovace.in\/wp-content\/uploads\/2026\/04\/PTDC0040-1-768x1210.jpg 768w, https:\/\/aviation.inovace.in\/wp-content\/uploads\/2026\/04\/PTDC0040-1-975x1536.jpg 975w, https:\/\/aviation.inovace.in\/wp-content\/uploads\/2026\/04\/PTDC0040-1-1300x2048.jpg 1300w, https:\/\/aviation.inovace.in\/wp-content\/uploads\/2026\/04\/PTDC0040-1-8x12.jpg 8w, https:\/\/aviation.inovace.in\/wp-content\/uploads\/2026\/04\/PTDC0040-1.jpg 1396w\" sizes=\"(max-width: 190px) 100vw, 190px\" \/>\t\t\t\t\t\t\t\t\t\t\t\t\t\t\t<\/div>\n\t\t\t\t<\/div>\n\t\t\t\t<div class=\"elementor-element elementor-element-b2bf922 elementor-widget__width-initial elementor-widget elementor-widget-image\" data-id=\"b2bf922\" data-element_type=\"widget\" data-e-type=\"widget\" data-widget_type=\"image.default\">\n\t\t\t\t<div class=\"elementor-widget-container\">\n\t\t\t\t\t\t\t\t\t\t\t\t\t\t\t<img loading=\"lazy\" decoding=\"async\" width=\"115\" height=\"300\" src=\"https:\/\/aviation.inovace.in\/wp-content\/uploads\/2026\/04\/PTDC0076-Copy-2-2-115x300.jpg\" class=\"attachment-medium size-medium wp-image-10091\" alt=\"\" srcset=\"https:\/\/aviation.inovace.in\/wp-content\/uploads\/2026\/04\/PTDC0076-Copy-2-2-115x300.jpg 115w, https:\/\/aviation.inovace.in\/wp-content\/uploads\/2026\/04\/PTDC0076-Copy-2-2-391x1024.jpg 391w, https:\/\/aviation.inovace.in\/wp-content\/uploads\/2026\/04\/PTDC0076-Copy-2-2-768x2011.jpg 768w, https:\/\/aviation.inovace.in\/wp-content\/uploads\/2026\/04\/PTDC0076-Copy-2-2-587x1536.jpg 587w, https:\/\/aviation.inovace.in\/wp-content\/uploads\/2026\/04\/PTDC0076-Copy-2-2-782x2048.jpg 782w, https:\/\/aviation.inovace.in\/wp-content\/uploads\/2026\/04\/PTDC0076-Copy-2-2-5x12.jpg 5w, https:\/\/aviation.inovace.in\/wp-content\/uploads\/2026\/04\/PTDC0076-Copy-2-2-scaled.jpg 978w\" sizes=\"(max-width: 115px) 100vw, 115px\" \/>\t\t\t\t\t\t\t\t\t\t\t\t\t\t\t<\/div>\n\t\t\t\t<\/div>\n\t\t\t\t<div class=\"elementor-element elementor-element-6077ad7 elementor-widget__width-initial elementor-widget elementor-widget-image\" data-id=\"6077ad7\" data-element_type=\"widget\" data-e-type=\"widget\" data-widget_type=\"image.default\">\n\t\t\t\t<div class=\"elementor-widget-container\">\n\t\t\t\t\t\t\t\t\t\t\t\t\t\t\t<img loading=\"lazy\" decoding=\"async\" width=\"273\" height=\"300\" src=\"https:\/\/aviation.inovace.in\/wp-content\/uploads\/2026\/04\/PTDC0076-Copy-2-3-273x300.jpg\" class=\"attachment-medium size-medium wp-image-10092\" alt=\"\" srcset=\"https:\/\/aviation.inovace.in\/wp-content\/uploads\/2026\/04\/PTDC0076-Copy-2-3-273x300.jpg 273w, https:\/\/aviation.inovace.in\/wp-content\/uploads\/2026\/04\/PTDC0076-Copy-2-3-933x1024.jpg 933w, https:\/\/aviation.inovace.in\/wp-content\/uploads\/2026\/04\/PTDC0076-Copy-2-3-768x843.jpg 768w, https:\/\/aviation.inovace.in\/wp-content\/uploads\/2026\/04\/PTDC0076-Copy-2-3-1400x1536.jpg 1400w, https:\/\/aviation.inovace.in\/wp-content\/uploads\/2026\/04\/PTDC0076-Copy-2-3-11x12.jpg 11w, https:\/\/aviation.inovace.in\/wp-content\/uploads\/2026\/04\/PTDC0076-Copy-2-3.jpg 1607w\" sizes=\"(max-width: 273px) 100vw, 273px\" \/>\t\t\t\t\t\t\t\t\t\t\t\t\t\t\t<\/div>\n\t\t\t\t<\/div>\n\t\t\t\t<div class=\"elementor-element elementor-element-c081364 elementor-widget__width-initial elementor-widget elementor-widget-image\" data-id=\"c081364\" data-element_type=\"widget\" data-e-type=\"widget\" data-widget_type=\"image.default\">\n\t\t\t\t<div class=\"elementor-widget-container\">\n\t\t\t\t\t\t\t\t\t\t\t\t\t\t\t<img loading=\"lazy\" decoding=\"async\" width=\"174\" height=\"300\" src=\"https:\/\/aviation.inovace.in\/wp-content\/uploads\/2026\/04\/PTDC0076-Copy-1-174x300.jpg\" class=\"attachment-medium size-medium wp-image-10093\" alt=\"\" srcset=\"https:\/\/aviation.inovace.in\/wp-content\/uploads\/2026\/04\/PTDC0076-Copy-1-174x300.jpg 174w, https:\/\/aviation.inovace.in\/wp-content\/uploads\/2026\/04\/PTDC0076-Copy-1-593x1024.jpg 593w, https:\/\/aviation.inovace.in\/wp-content\/uploads\/2026\/04\/PTDC0076-Copy-1-768x1327.jpg 768w, https:\/\/aviation.inovace.in\/wp-content\/uploads\/2026\/04\/PTDC0076-Copy-1-889x1536.jpg 889w, https:\/\/aviation.inovace.in\/wp-content\/uploads\/2026\/04\/PTDC0076-Copy-1-1185x2048.jpg 1185w, https:\/\/aviation.inovace.in\/wp-content\/uploads\/2026\/04\/PTDC0076-Copy-1-7x12.jpg 7w, https:\/\/aviation.inovace.in\/wp-content\/uploads\/2026\/04\/PTDC0076-Copy-1-scaled.jpg 1482w\" sizes=\"(max-width: 174px) 100vw, 174px\" \/>\t\t\t\t\t\t\t\t\t\t\t\t\t\t\t<\/div>\n\t\t\t\t<\/div>\n\t\t\t\t<div class=\"elementor-element elementor-element-01513c2 elementor-widget__width-initial elementor-widget elementor-widget-image\" data-id=\"01513c2\" data-element_type=\"widget\" data-e-type=\"widget\" data-widget_type=\"image.default\">\n\t\t\t\t<div class=\"elementor-widget-container\">\n\t\t\t\t\t\t\t\t\t\t\t\t\t\t\t<img loading=\"lazy\" decoding=\"async\" width=\"300\" height=\"284\" src=\"https:\/\/aviation.inovace.in\/wp-content\/uploads\/2026\/04\/PTDC0076-1-300x284.jpg\" class=\"attachment-medium size-medium wp-image-10096\" alt=\"\" srcset=\"https:\/\/aviation.inovace.in\/wp-content\/uploads\/2026\/04\/PTDC0076-1-300x284.jpg 300w, https:\/\/aviation.inovace.in\/wp-content\/uploads\/2026\/04\/PTDC0076-1-1024x968.jpg 1024w, https:\/\/aviation.inovace.in\/wp-content\/uploads\/2026\/04\/PTDC0076-1-768x726.jpg 768w, https:\/\/aviation.inovace.in\/wp-content\/uploads\/2026\/04\/PTDC0076-1-1536x1452.jpg 1536w, https:\/\/aviation.inovace.in\/wp-content\/uploads\/2026\/04\/PTDC0076-1-13x12.jpg 13w, https:\/\/aviation.inovace.in\/wp-content\/uploads\/2026\/04\/PTDC0076-1.jpg 1637w\" sizes=\"(max-width: 300px) 100vw, 300px\" \/>\t\t\t\t\t\t\t\t\t\t\t\t\t\t\t<\/div>\n\t\t\t\t<\/div>\n\t\t\t\t\t<\/div>\n\t\t<\/div>\n\t\t\t\t\t<\/div>\n\t\t<\/section>\n\t\t\t\t<section class=\"elementor-section elementor-top-section elementor-element elementor-element-86f415f elementor-section-boxed elementor-section-height-default elementor-section-height-default wpr-particle-no wpr-jarallax-no wpr-parallax-no wpr-sticky-section-no\" data-id=\"86f415f\" data-element_type=\"section\" data-e-type=\"section\">\n\t\t\t\t\t\t<div class=\"elementor-container elementor-column-gap-default\">\n\t\t\t\t\t<div class=\"elementor-column elementor-col-100 elementor-top-column elementor-element elementor-element-0434010\" data-id=\"0434010\" data-element_type=\"column\" data-e-type=\"column\">\n\t\t\t<div class=\"elementor-widget-wrap elementor-element-populated\">\n\t\t\t\t\t\t<div class=\"elementor-element elementor-element-e65eff6 elementor-widget elementor-widget-heading\" data-id=\"e65eff6\" data-element_type=\"widget\" data-e-type=\"widget\" data-widget_type=\"heading.default\">\n\t\t\t\t<div class=\"elementor-widget-container\">\n\t\t\t\t\t<h2 class=\"elementor-heading-title elementor-size-default\">Avioane asociate<\/h2>\t\t\t\t<\/div>\n\t\t\t\t<\/div>\n\t\t\t\t\t<\/div>\n\t\t<\/div>\n\t\t\t\t\t<\/div>\n\t\t<\/section>\n\t\t\t\t<section class=\"elementor-section elementor-top-section elementor-element elementor-element-6e96db690 elementor-section-boxed elementor-section-height-default elementor-section-height-default wpr-particle-no wpr-jarallax-no wpr-parallax-no wpr-sticky-section-no\" data-id=\"6e96db690\" data-element_type=\"section\" data-e-type=\"section\">\n\t\t\t\t\t\t<div class=\"elementor-container elementor-column-gap-default\">\n\t\t\t\t\t<div class=\"elementor-column elementor-col-100 elementor-top-column elementor-element elementor-element-2ba96f47\" data-id=\"2ba96f47\" data-element_type=\"column\" data-e-type=\"column\">\n\t\t\t<div class=\"elementor-widget-wrap elementor-element-populated\">\n\t\t\t\t\t\t<section class=\"elementor-section elementor-inner-section elementor-element elementor-element-4c7a573b elementor-section-boxed elementor-section-height-default elementor-section-height-default wpr-particle-no wpr-jarallax-no wpr-parallax-no wpr-sticky-section-no\" data-id=\"4c7a573b\" data-element_type=\"section\" data-e-type=\"section\">\n\t\t\t\t\t\t<div class=\"elementor-container elementor-column-gap-default\">\n\t\t\t\t\t<div class=\"elementor-column elementor-col-50 elementor-inner-column elementor-element elementor-element-5c8ff7cd\" data-id=\"5c8ff7cd\" data-element_type=\"column\" data-e-type=\"column\">\n\t\t\t<div class=\"elementor-widget-wrap elementor-element-populated\">\n\t\t\t\t\t\t<div class=\"elementor-element elementor-element-2a279b72 wpr-team-member-divider-left elementor-widget elementor-widget-wpr-team-member\" data-id=\"2a279b72\" data-element_type=\"widget\" data-e-type=\"widget\" data-widget_type=\"wpr-team-member.default\">\n\t\t\t\t<div class=\"elementor-widget-container\">\n\t\t\t\t\t\n\t<div class=\"wpr-team-member\">\n\t\t\t\t\t\n\t\t\t<div class=\"wpr-member-media\">\n\t\t\t\t<div class=\"wpr-member-image\">\n\t\t\t\t\t<img decoding=\"async\" src=\"https:\/\/aviation.inovace.in\/wp-content\/uploads\/2026\/04\/image.png\" alt=\"Havilland 115 CP\">\n\t\t\t\t<\/div>\n\t\t\t\t\t\t\t<\/div>\n\t\t\t\t\n\t\t\n\t\t<div class=\"wpr-member-content\">\n\t\t\t<h3 class=\"wpr-member-name\">Havilland 115 CP<\/h3>\n\t\t\t\t\t\t\t<div class=\"wpr-member-divider\"><\/div>\n\t\t\t\n\t\t\t\t\t\t\t<div class=\"wpr-member-job\">FLOTA<\/div>\n\t\t\t\n\t\t\t\n\t\t\t\t\t\t\t<div class=\"wpr-member-description\">A fost un monoplan, monopost, proiectat pentru cercetarea vitezei mari de zbor \u0219i testarea motoarelor pentru \u00eenlocuirea cu motorul Cirrus.\n<\/div>\n\t\t\t\t\t\t\n\t\t\t<div class=\"wpr-member-btn-wrap\"><a class=\"wpr-member-btn wpr-button-effect wpr-button-none\" href=\"http:\/\/afsd\"><span>Cite\u0219te mai multe<\/span><\/a><\/div>\t\t<\/div>\n\n\t\t\t<\/div>\n\n\t\t\t\t\t<\/div>\n\t\t\t\t<\/div>\n\t\t\t\t\t<\/div>\n\t\t<\/div>\n\t\t\t\t<div class=\"elementor-column elementor-col-50 elementor-inner-column elementor-element elementor-element-3f461173\" data-id=\"3f461173\" data-element_type=\"column\" data-e-type=\"column\">\n\t\t\t<div class=\"elementor-widget-wrap elementor-element-populated\">\n\t\t\t\t\t\t<div class=\"elementor-element elementor-element-637149f9 wpr-team-member-divider-left elementor-widget elementor-widget-wpr-team-member\" data-id=\"637149f9\" data-element_type=\"widget\" data-e-type=\"widget\" data-widget_type=\"wpr-team-member.default\">\n\t\t\t\t<div class=\"elementor-widget-container\">\n\t\t\t\t\t\n\t<div class=\"wpr-team-member\">\n\t\t\t\t\t\n\t\t\t<div class=\"wpr-member-media\">\n\t\t\t\t<div class=\"wpr-member-image\">\n\t\t\t\t\t<img decoding=\"async\" src=\"https:\/\/aviation.inovace.in\/wp-content\/uploads\/2026\/04\/image-1.png\" alt=\"De Havilland DH.60 Moth\">\n\t\t\t\t<\/div>\n\t\t\t\t\t\t\t<\/div>\n\t\t\t\t\n\t\t\n\t\t<div class=\"wpr-member-content\">\n\t\t\t<h3 class=\"wpr-member-name\">De Havilland DH.60 Moth<\/h3>\n\t\t\t\t\t\t\t<div class=\"wpr-member-divider\"><\/div>\n\t\t\t\n\t\t\t\t\t\t\t<div class=\"wpr-member-job\">FLOTA<\/div>\n\t\t\t\n\t\t\t\n\t\t\t\t\t\t\t<div class=\"wpr-member-description\">Avion pentru antrenamente dezvoltat de \u00a0de Havilland Aircraft Company<\/div>\n\t\t\t\t\t\t\n\t\t\t<div class=\"wpr-member-btn-wrap\"><a class=\"wpr-member-btn wpr-button-effect wpr-button-none\" href=\"http:\/\/asdsa\"><span>Cite\u0219te mai multe<\/span><\/a><\/div>\t\t<\/div>\n\n\t\t\t<\/div>\n\n\t\t\t\t\t<\/div>\n\t\t\t\t<\/div>\n\t\t\t\t\t<\/div>\n\t\t<\/div>\n\t\t\t\t\t<\/div>\n\t\t<\/section>\n\t\t\t\t\t<\/div>\n\t\t<\/div>\n\t\t\t\t\t<\/div>\n\t\t<\/section>\n\t\t\t\t<\/div>","protected":false},"excerpt":{"rendered":"<p>Ionel Ghica (1904-1932) A\u0219a cum se scria \u00een revista Aripi (anul II, nr. 26, 15 martie 1932), Ionel Ghica f\u0103cea parte din cercul t\u00e2n\u0103r \u0219i entuziast de amatori aduna\u021bi \u00een jurul lui Mircea Cantacuzino, fiind considerat unul dintre cei care practicau turismul aerian \u201e\u00een adev\u0103rata accep\u021bie a cuv\u00e2ntului\u201d.\u00a0De\u0219i nu a urmat cursurile \u0218colii de Avia\u021bie \u201eMircea Cantacuzino\u201d, Ionel Ghica a \u00eemp\u0103rt\u0103\u0219it pe deplin viziunea acesteia \u0219i a devenit membru fondator al Asocia\u021biei pentru Prop\u0103\u0219irea Turismului Aerian. Activitatea sa aviatic\u0103 este marcat\u0103 de performan\u021be remarcabile, printre care recordul na\u021bional de distan\u021b\u0103 f\u0103r\u0103 escal\u0103 (1.900 km) \u0219i recordul na\u021bional de vitez\u0103 pe distan\u021ba de 2.000 km.\u00a0Particip\u0103 la zboruri de referin\u021b\u0103 ale epocii, inclusiv raidul Bucure\u0219ti \u2013 Var\u0219ovia \u2013 Bucure\u0219ti, parcurs \u00een 11 ore \u0219i 57 de minute, al\u0103turi de echipajul lui Octav Oculeanu. \u00cen 11 septembrie 1931, realizeaz\u0103 un zbor solo pe ruta Bucure\u0219ti \u2013 Cern\u0103u\u021bi \u2013 Bucure\u0219ti, iar ulterior efectueaz\u0103 primul raid rom\u00e2nesc deasupra Africii, pe traseul Bucure\u0219ti \u2013 Istanbul \u2013 Konia \u2013 Alep \u2013 Damasc \u2013 Gaza \u2013 Cairo \u2013 Asuan \u2013 Oadihalfa \u2013 Adbara.\u00a0Ionel Ghica devine cu adev\u0103rat celebru odat\u0103 cu zborul Bucure\u0219ti \u2013 Saigon, un parcurs de aproximativ 25.000 km, unul dintre marile recorduri ale epocii, care \u00eel consacr\u0103 drept primul aviator rom\u00e2n ce traverseaz\u0103 Asia.\u00a0Via\u021ba sa se \u00eencheie tragic, \u00een plin\u0103 glorie, \u00een urma unei grave intoxica\u021bii. \u00cen memoria sa, familia Ghica instituie, \u00eencep\u00e2nd din ianuarie 1933, o cup\u0103 anual\u0103 de avia\u021bie, const\u00e2nd \u00eentr-un concurs de vitez\u0103 pe un traseu intern de 1.500 km. Afl\u0103 mai multe despre recordurile atinse de elevii \u0219colii Galerie foto &amp; Arhiv\u0103 Avioane asociate Havilland 115 CP FLOTA A fost un monoplan, monopost, proiectat pentru cercetarea vitezei mari de zbor \u0219i testarea motoarelor pentru \u00eenlocuirea cu motorul Cirrus. Cite\u0219te mai multe De Havilland DH.60 Moth FLOTA Avion pentru antrenamente dezvoltat de \u00a0de Havilland Aircraft Company Cite\u0219te mai multe<\/p>","protected":false},"author":5,"featured_media":0,"parent":0,"menu_order":0,"comment_status":"closed","ping_status":"closed","template":"","meta":{"_themeisle_gutenberg_block_has_review":false,"footnotes":""},"class_list":["post-7994","page","type-page","status-publish","hentry"],"_links":{"self":[{"href":"https:\/\/aviation.inovace.in\/en\/wp-json\/wp\/v2\/pages\/7994","targetHints":{"allow":["GET"]}}],"collection":[{"href":"https:\/\/aviation.inovace.in\/en\/wp-json\/wp\/v2\/pages"}],"about":[{"href":"https:\/\/aviation.inovace.in\/en\/wp-json\/wp\/v2\/types\/page"}],"author":[{"embeddable":true,"href":"https:\/\/aviation.inovace.in\/en\/wp-json\/wp\/v2\/users\/5"}],"replies":[{"embeddable":true,"href":"https:\/\/aviation.inovace.in\/en\/wp-json\/wp\/v2\/comments?post=7994"}],"version-history":[{"count":15,"href":"https:\/\/aviation.inovace.in\/en\/wp-json\/wp\/v2\/pages\/7994\/revisions"}],"predecessor-version":[{"id":10281,"href":"https:\/\/aviation.inovace.in\/en\/wp-json\/wp\/v2\/pages\/7994\/revisions\/10281"}],"wp:attachment":[{"href":"https:\/\/aviation.inovace.in\/en\/wp-json\/wp\/v2\/media?parent=7994"}],"curies":[{"name":"wp","href":"https:\/\/api.w.org\/{rel}","templated":true}]}}