{"id":7474,"date":"2012-07-02T09:14:35","date_gmt":"2012-07-02T09:14:35","guid":{"rendered":"http:\/\/v2.irinelnicoara.ro\/aviatie\/?page_id=106"},"modified":"2023-09-30T10:43:21","modified_gmt":"2023-09-30T08:43:21","slug":"family-history","status":"publish","type":"page","link":"https:\/\/aviation.inovace.in\/en\/family-history\/","title":{"rendered":"Family"},"content":{"rendered":"<h3><a title=\"Cantacuzino family\" href=\"http:\/\/aviatie-mircea-cantacuzino.ro\/family-history\/familia-cantacuzino\/\">Cantacuzino family<br \/>\n<\/a><\/h3>\n<p>The Cantacuzino family is one of the oldest noble families in Romania and the Balkans, the first mentions dating back to the 11th century AD. Over the centuries, the family has given the world great rulers and statesmen, scholars and many other personalities, in various fields of activity... <strong><a href=\"http:\/\/aviatie-mircea-cantacuzino.ro\/family-history\/familia-cantacuzino\/\">Read more<\/a><\/strong><\/p>\n<h3><a href=\"http:\/\/aviatie-mircea-cantacuzino.ro\/family-history\/mircea-ioana-cantacuzino\/\">Mircea and\u00a0Ioana Cantacuzino<\/a><\/h3>\n<p>Born in 1895 and 1900 respectively, Ioana and Mircea Cantacuzino were two of the four children from the second marriage of Ion G. Cantacuzino (nicknamed \"The Engineer\") with Maria F\u0103lcoianu, the other two being Despina, born in 1901, and Maria, born in 1904... <strong><a href=\"http:\/\/aviatie-mircea-cantacuzino.ro\/family-history\/mircea-ioana-cantacuzino\/\">Read more<\/a><\/strong><\/p>\n<style>\/*! elementor - v3.16.0 - 20-09-2023 *\/<br \/>\n.elementor-heading-title{padding:0;margin:0;line-height:1}.elementor-widget-heading .elementor-heading-title[class*=elementor-size-]>a{color:inherit;font-size:inherit;line-height:inherit}.elementor-widget-heading .elementor-heading-title.elementor-size-small{font-size:15px}.elementor-widget-heading .elementor-heading-title.elementor-size-medium{font-size:19px}.elementor-widget-heading .elementor-heading-title.elementor-size-large{font-size:29px}.elementor-widget-heading .elementor-heading-title.elementor-size-xl{font-size:39px}.elementor-widget-heading .elementor-heading-title.elementor-size-xxl{font-size:59px}<\/style>","protected":false},"excerpt":{"rendered":"<p>Familia Cantacuzino Familia Cantacuzino este una dintre cele mai vechi familii nobiliare din Rom\u00e2nia \u0219i din zona Balcanilor, primele men\u021biuni dat\u00e2nd \u00eenc\u0103 din secolul al XI-lea d.Hr. De-a lungul secolelor, familia a dat lumii mari domnitori \u0219i oameni de stat, c\u0103rturari \u0219i multe alte personalit\u0103\u021bi, \u00een diverse domenii de activitate&#8230; Cite\u0219te mai mult Mircea \u0219i&nbsp;Ioana Cantacuzino N\u0103scu\u0163i \u00een anul 1895 \u015fi respectiv,1900, Ioana \u015fi Mircea Cantacuzino au fost doi dintre cei patru copii din cea de-a doua c\u0103s\u0103torie a lui Ion G. Cantacuzino (supranumit \u201dInginerul\u201d) cu Maria F\u0103lcoianu, ceilal\u0163i doi fiind Despina, n\u0103scut\u0103 \u00een 1901, \u015fi Maria, n\u0103scut\u0103 \u00een 1904&#8230; Cite\u0219te mai mult<\/p>","protected":false},"author":2,"featured_media":0,"parent":0,"menu_order":2,"comment_status":"closed","ping_status":"closed","template":"","meta":{"_themeisle_gutenberg_block_has_review":false,"footnotes":""},"class_list":["post-7474","page","type-page","status-publish","hentry"],"_links":{"self":[{"href":"https:\/\/aviation.inovace.in\/en\/wp-json\/wp\/v2\/pages\/7474","targetHints":{"allow":["GET"]}}],"collection":[{"href":"https:\/\/aviation.inovace.in\/en\/wp-json\/wp\/v2\/pages"}],"about":[{"href":"https:\/\/aviation.inovace.in\/en\/wp-json\/wp\/v2\/types\/page"}],"author":[{"embeddable":true,"href":"https:\/\/aviation.inovace.in\/en\/wp-json\/wp\/v2\/users\/2"}],"replies":[{"embeddable":true,"href":"https:\/\/aviation.inovace.in\/en\/wp-json\/wp\/v2\/comments?post=7474"}],"version-history":[{"count":0,"href":"https:\/\/aviation.inovace.in\/en\/wp-json\/wp\/v2\/pages\/7474\/revisions"}],"wp:attachment":[{"href":"https:\/\/aviation.inovace.in\/en\/wp-json\/wp\/v2\/media?parent=7474"}],"curies":[{"name":"wp","href":"https:\/\/api.w.org\/{rel}","templated":true}]}}