{"id":1513,"date":"2013-04-01T13:11:55","date_gmt":"2013-04-01T13:11:55","guid":{"rendered":"http:\/\/v2.irinelnicoara.ro\/aviatie\/?page_id=1513"},"modified":"2023-09-29T07:54:00","modified_gmt":"2023-09-29T05:54:00","slug":"news","status":"publish","type":"page","link":"https:\/\/aviation.inovace.in\/en\/news\/","title":{"rendered":"Photo album launch \"Mircea Cantacuzino\" Aviation School"},"content":{"rendered":"<div data-elementor-type=\"wp-page\" data-elementor-id=\"1513\" class=\"elementor elementor-1513\" data-elementor-post-type=\"page\">\n\t\t\t\t\t\t<section class=\"elementor-section elementor-top-section elementor-element elementor-element-4754d375 elementor-section-boxed elementor-section-height-default elementor-section-height-default wpr-particle-no wpr-jarallax-no wpr-parallax-no wpr-sticky-section-no\" data-id=\"4754d375\" data-element_type=\"section\" data-e-type=\"section\">\n\t\t\t\t\t\t<div class=\"elementor-container elementor-column-gap-default\">\n\t\t\t\t\t<div class=\"elementor-column elementor-col-100 elementor-top-column elementor-element elementor-element-5000f8cc\" data-id=\"5000f8cc\" data-element_type=\"column\" data-e-type=\"column\">\n\t\t\t<div class=\"elementor-widget-wrap elementor-element-populated\">\n\t\t\t\t\t\t<div class=\"elementor-element elementor-element-33956f42 elementor-widget elementor-widget-text-editor\" data-id=\"33956f42\" data-element_type=\"widget\" data-e-type=\"widget\" data-widget_type=\"text-editor.default\">\n\t\t\t\t<div class=\"elementor-widget-container\">\n\t\t\t\t\t\t\t\t\t<span style=\"color: #000000;\">Along with the inauguration of the website, the Aviation School photo album was also launched&nbsp;<\/span>\u201e<span style=\"color: #000000;\">Mircea Cantacuzino<\/span>\". The idea of such an album was born from the desire, the right and a sense of responsibility to relive the sensation I felt after seeing the images of a rich cultural history, numbed in the memories of many, in photo albums with character personally, and in the National Archives of Romania.\n\nWe want readers, after going through this album, to enjoy and be proud of what has been achieved in the past, in a country that has yet to come to terms with its ups and downs past.\n<h3>&nbsp;<\/h3>\n<h3>Aviation School album \"Mircea Cantacuzino\"<\/h3>\nThis album is a project carried out by the Mircea and Dan Cantacuzino Romanian Memorial Foundation and represents an incursion into an extraordinary era with a rich cultural history.\nWe present important moments from the history of the first civil aviation school in Romania, the founding members and illustrious students of this school that did honor to Romania from 1928 to 1940.\n\nThe book is available in Romanian-English and also in French-German.\n<div id=\"nb-button\">Price: 120 Lei<\/div>\n&nbsp;\n<div id=\"nb-prod-purchase-guide\">\n<h3>To order the book<\/h3>\nPlease fill in the form below with your real data or contact us at:\n\n<strong>Phone:<\/strong>\n+40 21 211 11 98\n\n<strong>E-mail:<\/strong>\ninfo@aviatie-mircea-cantacuzino.ro\n\n<\/div>\n<h4>Delivery terms and conditions:<\/h4>\nAfter submitting the order form you will be contacted by a representative of ours to confirm the order and establish payment and delivery details.\n\nThe delivery of the package can be done by fast courier or by post, and the cost of transportation will be borne by you.\n\nThank you!\n<div id=\"main\">\n<div class=\"content\">\n<div class=\"two_fifth\">\n\n<a href=\"http:\/\/v2.irinelnicoara.ro\/aviatie\/wp-content\/uploads\/2015\/02\/Store1.jpg\"><img fetchpriority=\"high\" decoding=\"async\" class=\"aligncenter  wp-image-5415\" src=\"http:\/\/v2.irinelnicoara.ro\/aviatie\/wp-content\/uploads\/2015\/02\/Store1.jpg\" alt=\"front\" width=\"251\" height=\"251\"><\/a>\n\n&nbsp;\n<div class=\"one_third\"><a href=\"http:\/\/v2.irinelnicoara.ro\/aviatie\/wp-content\/uploads\/2015\/02\/Store4.jpg\"><img decoding=\"async\" class=\"aligncenter  wp-image-5414\" src=\"http:\/\/v2.irinelnicoara.ro\/aviatie\/wp-content\/uploads\/2015\/02\/Store4.jpg\" alt=\"carte_stanga\" width=\"80\" height=\"80\"><\/a><\/div>\n<div class=\"one_third\"><a href=\"http:\/\/v2.irinelnicoara.ro\/aviatie\/wp-content\/uploads\/2015\/02\/Store3.jpg\"><img decoding=\"async\" class=\"aligncenter  wp-image-5413\" src=\"http:\/\/v2.irinelnicoara.ro\/aviatie\/wp-content\/uploads\/2015\/02\/Store3.jpg\" alt=\"carte_dreapta\" width=\"80\" height=\"80\"><\/a><\/div>\n<div class=\"one_third last\"><a href=\"http:\/\/v2.irinelnicoara.ro\/aviatie\/wp-content\/uploads\/2015\/02\/Store2.jpg\"><img loading=\"lazy\" decoding=\"async\" class=\"aligncenter  wp-image-5416\" src=\"http:\/\/v2.irinelnicoara.ro\/aviatie\/wp-content\/uploads\/2015\/02\/Store2.jpg\" alt=\"up_book\" width=\"80\" height=\"80\"><\/a><\/div>\n<div class=\"clearboth\">&nbsp;<\/div>\n&nbsp;\n\n<\/div>\n<\/div>\n<\/div>\n<h3>&nbsp;<\/h3>\t\t\t\t\t\t\t\t<\/div>\n\t\t\t\t<\/div>\n\t\t\t\t\t<\/div>\n\t\t<\/div>\n\t\t\t\t\t<\/div>\n\t\t<\/section>\n\t\t\t\t<\/div>","protected":false},"excerpt":{"rendered":"<p>Odata cu inaugurarea paginii de internet a avut loc si lansarea albumului foto Scoala de aviatie&nbsp;\u201eMircea Cantacuzino\u201d. Ideea unui astfel de album s-a n\u0103scut din dorin\u021ba, din dreptul \u0219i dintr-un sentiment de responsabilitate de a retr\u0103i senza\u021bia pe care am sim\u021bit-o dup\u0103 ce am v\u0103zut imaginile unei istorii culturale bogate, amor\u021bite \u00een amintirile multora, \u00een albume de fotografii cu caracter personal, \u0219i \u00een Arhivele Na\u021bionale ale Rom\u00e2niei. Ne dorim ca, dup\u0103 ce parcurg acest album, cititorii s\u0103 se bucure \u0219i s\u0103 fie m\u00e2ndri de ceea ce s-a realizat \u00een trecut, \u00eentr-o \u021bar\u0103 care \u00eenc\u0103 trebuie s\u0103 se desprind\u0103 de un trecut cu sui\u0219uri \u0219i cobor\u00e2\u0219uri. &nbsp; Album Scoala de aviatie \u201eMircea Cantacuzino\u201d Acest album este un proiect realizat de Funda\u0163ia Memorial\u0103 Rom\u00e2n\u0103 Mircea \u015fi Dan Cantacuzino \u015fi reprezint\u0103 o incursiune \u00eentr-o epoca extraordinar\u0103 cu o istorie cultural\u0103 bogat\u0103. Prezent\u0103m momente importante din istoria primei \u015fcoli de avia\u0163ie civil\u0103 din Rom\u00e2nia, membrii fondatori \u015fi elevi ilu\u015ftri ai acestei \u015fcoli care a facut cinste Romaniei din perioada 1928 \u2013 1940. Cartea este disponibila in Romana-Engleza si de asemenea in Franceza-Germana. Pre\u0163: 120 lei &nbsp; Pentru comanda c\u0103r\u0163ii v\u0103 rug\u0103m s\u0103 completa\u0163i formularul de mai jos cu datele dvs reale sau s\u0103 ne contacta\u0163i la: Telefon: +40 21 211 11 98 E-mail: info@aviatie-mircea-cantacuzino.ro Termeni \u015fi condi\u0163ii de livrare: Dup\u0103 trimiterea formularului de comand\u0103, ve\u0163i fi contactat\/a de un reprezentant al nostru pentru confirmarea comenzii \u015fi stabilirea detaliilor de plat\u0103 \u015fi livrare. Livrarea coletului se poate face prin curier rapid sau prin po\u015ft\u0103, iar costul transportului va fi suportat de dvs. V\u0103 mul\u0163umim! &nbsp; &nbsp; &nbsp; &nbsp;<\/p>","protected":false},"author":2,"featured_media":0,"parent":0,"menu_order":5,"comment_status":"closed","ping_status":"closed","template":"","meta":{"_themeisle_gutenberg_block_has_review":false,"footnotes":""},"class_list":["post-1513","page","type-page","status-publish","hentry"],"_links":{"self":[{"href":"https:\/\/aviation.inovace.in\/en\/wp-json\/wp\/v2\/pages\/1513","targetHints":{"allow":["GET"]}}],"collection":[{"href":"https:\/\/aviation.inovace.in\/en\/wp-json\/wp\/v2\/pages"}],"about":[{"href":"https:\/\/aviation.inovace.in\/en\/wp-json\/wp\/v2\/types\/page"}],"author":[{"embeddable":true,"href":"https:\/\/aviation.inovace.in\/en\/wp-json\/wp\/v2\/users\/2"}],"replies":[{"embeddable":true,"href":"https:\/\/aviation.inovace.in\/en\/wp-json\/wp\/v2\/comments?post=1513"}],"version-history":[{"count":0,"href":"https:\/\/aviation.inovace.in\/en\/wp-json\/wp\/v2\/pages\/1513\/revisions"}],"wp:attachment":[{"href":"https:\/\/aviation.inovace.in\/en\/wp-json\/wp\/v2\/media?parent=1513"}],"curies":[{"name":"wp","href":"https:\/\/api.w.org\/{rel}","templated":true}]}}